{"id":17,"date":"2023-07-09T15:16:29","date_gmt":"2023-07-09T15:16:29","guid":{"rendered":"http:\/\/velazulbacalar.com\/?page_id=17"},"modified":"2023-12-17T16:17:47","modified_gmt":"2023-12-17T16:17:47","slug":"blog-bacalar-velero","status":"publish","type":"page","link":"https:\/\/velazulbacalar.com\/en\/blog-bacalar-velero\/","title":{"rendered":"Blog"},"content":{"rendered":"<div data-elementor-type=\"wp-page\" data-elementor-id=\"17\" class=\"elementor elementor-17\" data-elementor-post-type=\"page\">\n\t\t\t\t\t\t<section class=\"elementor-section elementor-top-section elementor-element elementor-element-529b5c58 elementor-section-full_width elementor-section-height-min-height elementor-section-stretched elementor-section-height-default elementor-section-items-middle wpr-particle-no wpr-jarallax-no wpr-parallax-no wpr-sticky-section-no\" data-id=\"529b5c58\" data-element_type=\"section\" data-settings=\"{&quot;stretch_section&quot;:&quot;section-stretched&quot;,&quot;background_background&quot;:&quot;classic&quot;}\">\n\t\t\t\t\t\t\t<div class=\"elementor-background-overlay\"><\/div>\n\t\t\t\t\t\t\t<div class=\"elementor-container elementor-column-gap-no\">\n\t\t\t\t\t<div class=\"elementor-column elementor-col-100 elementor-top-column elementor-element elementor-element-618a4981\" data-id=\"618a4981\" data-element_type=\"column\">\n\t\t\t<div class=\"elementor-widget-wrap elementor-element-populated\">\n\t\t\t\t\t\t<div class=\"elementor-element elementor-element-91a545f elementor-widget elementor-widget-heading\" data-id=\"91a545f\" data-element_type=\"widget\" data-widget_type=\"heading.default\">\n\t\t\t\t<div class=\"elementor-widget-container\">\n\t\t\t<style>\/*! elementor - v3.20.0 - 11-03-2024 *\/\n.elementor-heading-title{padding:0;margin:0;line-height:1}.elementor-widget-heading .elementor-heading-title[class*=elementor-size-]>a{color:inherit;font-size:inherit;line-height:inherit}.elementor-widget-heading .elementor-heading-title.elementor-size-small{font-size:15px}.elementor-widget-heading .elementor-heading-title.elementor-size-medium{font-size:19px}.elementor-widget-heading .elementor-heading-title.elementor-size-large{font-size:29px}.elementor-widget-heading .elementor-heading-title.elementor-size-xl{font-size:39px}.elementor-widget-heading .elementor-heading-title.elementor-size-xxl{font-size:59px}<\/style><h2 class=\"elementor-heading-title elementor-size-default\">Welcome to Velazul's Blog<\/h2>\t\t<\/div>\n\t\t\t\t<\/div>\n\t\t\t\t<div class=\"elementor-element elementor-element-fd21a7d elementor-widget elementor-widget-text-editor\" data-id=\"fd21a7d\" data-element_type=\"widget\" data-widget_type=\"text-editor.default\">\n\t\t\t\t<div class=\"elementor-widget-container\">\n\t\t\t<style>\/*! elementor - v3.20.0 - 11-03-2024 *\/\n.elementor-widget-text-editor.elementor-drop-cap-view-stacked .elementor-drop-cap{background-color:#69727d;color:#fff}.elementor-widget-text-editor.elementor-drop-cap-view-framed .elementor-drop-cap{color:#69727d;border:3px solid;background-color:transparent}.elementor-widget-text-editor:not(.elementor-drop-cap-view-default) .elementor-drop-cap{margin-top:8px}.elementor-widget-text-editor:not(.elementor-drop-cap-view-default) .elementor-drop-cap-letter{width:1em;height:1em}.elementor-widget-text-editor .elementor-drop-cap{float:left;text-align:center;line-height:1;font-size:50px}.elementor-widget-text-editor .elementor-drop-cap-letter{display:inline-block}<\/style>\t\t\t\t<p><strong>Explore the Magic of Mexico<\/strong><\/p>\t\t\t\t\t\t<\/div>\n\t\t\t\t<\/div>\n\t\t\t\t\t<\/div>\n\t\t<\/div>\n\t\t\t\t\t<\/div>\n\t\t<\/section>\n\t\t\t\t<section class=\"elementor-section elementor-top-section elementor-element elementor-element-ad28304 elementor-section-full_width elementor-section-stretched elementor-hidden-desktop elementor-hidden-tablet elementor-hidden-mobile elementor-section-height-default elementor-section-height-default wpr-particle-no wpr-jarallax-no wpr-parallax-no wpr-sticky-section-no\" data-id=\"ad28304\" data-element_type=\"section\" data-settings=\"{&quot;stretch_section&quot;:&quot;section-stretched&quot;}\">\n\t\t\t\t\t\t<div class=\"elementor-container elementor-column-gap-no\">\n\t\t\t\t\t<div class=\"elementor-column elementor-col-100 elementor-top-column elementor-element elementor-element-fc8e5d0\" data-id=\"fc8e5d0\" data-element_type=\"column\">\n\t\t\t<div class=\"elementor-widget-wrap elementor-element-populated\">\n\t\t\t\t\t\t<div class=\"elementor-element elementor-element-5d9939a wpr-ticker-heading-position-left wpr-ticker-heading-icon-position-right wpr-ticker-heading-triangle-top wpr-ticker-slider-columns-4 wpr-ticker-slider-columns--tablet3 wpr-ticker-slider-columns--mobile1 wpr-ticker-slides-to-scroll-1 wpr-ticker-arrow-style-horizontal wpr-ticker-arrow-position-right wpr-ticker-effect-hr-slide wpr-ticker-gradient-type-right elementor-widget elementor-widget-wpr-content-ticker\" data-id=\"5d9939a\" data-element_type=\"widget\" data-settings=\"{&quot;slider_amount&quot;:4,&quot;slider_amount_tablet&quot;:3,&quot;slider_amount_mobile&quot;:1,&quot;slides_to_scroll&quot;:1,&quot;slider_autoplay&quot;:&quot;yes&quot;,&quot;slider_autoplay_duration&quot;:3,&quot;slider_loop&quot;:&quot;yes&quot;}\" data-widget_type=\"wpr-content-ticker.default\">\n\t\t\t\t<div class=\"elementor-widget-container\">\n\t\t\t\n\t\t<!-- Content Ticker Slider -->\n\t\t<div class=\"wpr-content-ticker\">\n\n\t\t\t\n\t\t<div class=\"wpr-ticker-heading\">\n\t\t\t<span class=\"wpr-ticker-heading-text\">Blog<\/span>\n\t\t\t<span class=\"wpr-ticker-heading-icon\">\n\t\t\t\t\t\n\t\t\t\t<i class=\"fas fa-anchor\"><\/i>\t\t\t\t\t\t\t<\/span>\n\t\t<\/div>\n\n\t\t\n\t\t\t<div class=\"wpr-content-ticker-inner\">\n\t\t\t\t\n\t\t\t\t\n\t\t<div class=\"wpr-ticker-slider wpr-ticker-gradient\" dir=\"ltr\" data-slick=\"{&quot;rtl&quot;:false,&quot;infinite&quot;:true,&quot;speed&quot;:1000,&quot;autoplay&quot;:true,&quot;autoplaySpeed&quot;:3000,&quot;pauseOnHover&quot;:&quot;yes&quot;,&quot;arrows&quot;:true,&quot;prevArrow&quot;:&quot;&lt;div class=\\&quot;wpr-ticker-prev-arrow wpr-ticker-arrow\\&quot;&gt;&lt;i class=\\&quot;fas fa-angle-left\\&quot;&gt;&lt;\\\/i&gt;&lt;\\\/div&gt;&quot;,&quot;nextArrow&quot;:&quot;&lt;div class=\\&quot;wpr-ticker-next-arrow wpr-ticker-arrow\\&quot;&gt;&lt;i class=\\&quot;fas fa-angle-left\\&quot;&gt;&lt;\\\/i&gt;&lt;\\\/div&gt;&quot;}\" data-slide-effect=\"hr-slide\">\t\n\t\t\t\n\t\t\t<div class=\"wpr-ticker-item\">\n\n\t\t\t\t\n\t\t\t\t\t\t\t\t\t<div class=\"wpr-ticker-image\">\n\t\t\t\t\t\t\n\t\t\t\t\t\t<a  href=\"https:\/\/velazulbacalar.com\/en\/catamaran-experience\/\"><img decoding=\"async\" src=\"https:\/\/velazulbacalar.com\/wp-content\/uploads\/2024\/01\/Imagen-de-WhatsApp-2024-01-21-a-las-11.10.24_39589175.jpg\" alt=\"Catamaran Stiletto\"><\/a>\n\t\t\t\t\t<\/div>\n\t\t\t\t\n\t\t\t\t<h3 class=\"wpr-ticker-title\">\n\t\t\t\t\t<div class=\"wpr-ticker-title-inner\">\n\t\t\t\t\t<a href=\"https:\/\/velazulbacalar.com\/en\/catamaran-experience\/\">Catamaran Stiletto<\/a>\t\t\t\t\t<\/div>\n\t\t\t\t<\/h3>\n\n\t\t\t<\/div>\n\n\t\t\n\t\t\t<div class=\"wpr-ticker-item\">\n\n\t\t\t\t\n\t\t\t\t\t\t\t\t\t<div class=\"wpr-ticker-image\">\n\t\t\t\t\t\t\n\t\t\t\t\t\t<a  href=\"https:\/\/velazulbacalar.com\/en\/calakmul\/\"><img decoding=\"async\" src=\"https:\/\/velazulbacalar.com\/wp-content\/uploads\/2023\/12\/malek-bee-CgVNUNtEWoo-unsplash-scaled.jpg\" alt=\"Calakmul\"><\/a>\n\t\t\t\t\t<\/div>\n\t\t\t\t\n\t\t\t\t<h3 class=\"wpr-ticker-title\">\n\t\t\t\t\t<div class=\"wpr-ticker-title-inner\">\n\t\t\t\t\t<a href=\"https:\/\/velazulbacalar.com\/en\/calakmul\/\">Calakmul<\/a>\t\t\t\t\t<\/div>\n\t\t\t\t<\/h3>\n\n\t\t\t<\/div>\n\n\t\t\n\t\t\t<div class=\"wpr-ticker-item\">\n\n\t\t\t\t\n\t\t\t\t\t\t\t\t\t<div class=\"wpr-ticker-image\">\n\t\t\t\t\t\t\n\t\t\t\t\t\t<a  href=\"https:\/\/velazulbacalar.com\/en\/ruinas\/\"><img decoding=\"async\" src=\"https:\/\/velazulbacalar.com\/wp-content\/uploads\/2023\/08\/marv-watson-UfK0P6WygEE-unsplash-scaled.jpg\" alt=\"Las Joyas Arqueol\u00f3gicas Cercanas a Bacalar\"><\/a>\n\t\t\t\t\t<\/div>\n\t\t\t\t\n\t\t\t\t<h3 class=\"wpr-ticker-title\">\n\t\t\t\t\t<div class=\"wpr-ticker-title-inner\">\n\t\t\t\t\t<a href=\"https:\/\/velazulbacalar.com\/en\/ruinas\/\">Las Joyas Arqueol\u00f3gicas Cercanas a Bacalar<\/a>\t\t\t\t\t<\/div>\n\t\t\t\t<\/h3>\n\n\t\t\t<\/div>\n\n\t\t\n\t\t\t<div class=\"wpr-ticker-item\">\n\n\t\t\t\t\n\t\t\t\t\t\t\t\t\t<div class=\"wpr-ticker-image\">\n\t\t\t\t\t\t\n\t\t\t\t\t\t<a  href=\"https:\/\/velazulbacalar.com\/en\/estromatolitos\/\"><img decoding=\"async\" src=\"https:\/\/velazulbacalar.com\/wp-content\/uploads\/2023\/08\/61ac84da7afd4503d188192d6362705a43bd75e42ef48ee283464b6d70075042.jpeg\" alt=\"Los estromatolitos en la laguna de Bacalar\"><\/a>\n\t\t\t\t\t<\/div>\n\t\t\t\t\n\t\t\t\t<h3 class=\"wpr-ticker-title\">\n\t\t\t\t\t<div class=\"wpr-ticker-title-inner\">\n\t\t\t\t\t<a href=\"https:\/\/velazulbacalar.com\/en\/estromatolitos\/\">Los estromatolitos en la laguna de Bacalar<\/a>\t\t\t\t\t<\/div>\n\t\t\t\t<\/h3>\n\n\t\t\t<\/div>\n\n\t\t\n\t\t\t<div class=\"wpr-ticker-item\">\n\n\t\t\t\t\n\t\t\t\t\t\t\t\t\t<div class=\"wpr-ticker-image\">\n\t\t\t\t\t\t\n\t\t\t\t\t\t<a  href=\"https:\/\/velazulbacalar.com\/en\/temazcal\/\"><img decoding=\"async\" src=\"https:\/\/velazulbacalar.com\/wp-content\/uploads\/2023\/08\/temazcal-scaled.jpg\" alt=\"Temazcal\"><\/a>\n\t\t\t\t\t<\/div>\n\t\t\t\t\n\t\t\t\t<h3 class=\"wpr-ticker-title\">\n\t\t\t\t\t<div class=\"wpr-ticker-title-inner\">\n\t\t\t\t\t<a href=\"https:\/\/velazulbacalar.com\/en\/temazcal\/\">Temazcal<\/a>\t\t\t\t\t<\/div>\n\t\t\t\t<\/h3>\n\n\t\t\t<\/div>\n\n\t\t\t\t<\/div>\n\n\t\t<div class=\"wpr-ticker-slider-controls\"><\/div>\n\n\t\t\t\t\t\t\n\t\t\t<\/div>\n\n\t\t<\/div>\n\n\t\t\t\t<\/div>\n\t\t\t\t<\/div>\n\t\t\t\t\t<\/div>\n\t\t<\/div>\n\t\t\t\t\t<\/div>\n\t\t<\/section>\n\t\t\t\t<section class=\"elementor-section elementor-top-section elementor-element elementor-element-059f56c elementor-section-boxed elementor-section-height-default elementor-section-height-default wpr-particle-no wpr-jarallax-no wpr-parallax-no wpr-sticky-section-no\" data-id=\"059f56c\" data-element_type=\"section\">\n\t\t\t\t\t\t<div class=\"elementor-container elementor-column-gap-default\">\n\t\t\t\t\t<div class=\"elementor-column elementor-col-100 elementor-top-column elementor-element elementor-element-14c5515\" data-id=\"14c5515\" data-element_type=\"column\">\n\t\t\t<div class=\"elementor-widget-wrap elementor-element-populated\">\n\t\t\t\t\t\t<div class=\"elementor-element elementor-element-0f110f3 elementor-grid-eael-col-3 elementor-grid-tablet-eael-col-2 elementor-grid-mobile-eael-col-1 elementor-widget elementor-widget-eael-post-grid\" data-id=\"0f110f3\" data-element_type=\"widget\" data-settings=\"{&quot;eael_post_grid_columns&quot;:&quot;eael-col-3&quot;,&quot;eael_post_grid_columns_tablet&quot;:&quot;eael-col-2&quot;,&quot;eael_post_grid_columns_mobile&quot;:&quot;eael-col-1&quot;}\" data-widget_type=\"eael-post-grid.default\">\n\t\t\t\t<div class=\"elementor-widget-container\">\n\t\t\t<div id=\"eael-post-grid-0f110f3\" class=\"eael-post-grid-container\">\n            <div class=\"eael-post-grid eael-post-appender eael-post-appender-0f110f3 eael-post-grid-style-default\" data-layout-mode=\"masonry\"><article class=\"eael-grid-post eael-post-grid-column\" data-id=\"3697\">\n        <div class=\"eael-grid-post-holder\">\n            <div class=\"eael-grid-post-holder-inner\"><div class=\"eael-entry-media\"><div class=\"eael-entry-overlay fade-in\"><i class=\"fas fa-long-arrow-alt-right\" aria-hidden=\"true\"><\/i><a href=\"https:\/\/velazulbacalar.com\/en\/catamaran-experience\/\"><\/a><\/div><div class=\"eael-entry-thumbnail eael-image-ratio\">\n                <img fetchpriority=\"high\" decoding=\"async\" width=\"576\" height=\"1024\" src=\"https:\/\/velazulbacalar.com\/wp-content\/uploads\/2024\/01\/Imagen-de-WhatsApp-2024-01-21-a-las-11.10.24_39589175-576x1024.jpg\" class=\"attachment-large size-large wp-image-3700\" alt=\"\" srcset=\"https:\/\/velazulbacalar.com\/wp-content\/uploads\/2024\/01\/Imagen-de-WhatsApp-2024-01-21-a-las-11.10.24_39589175-576x1024.jpg 576w, https:\/\/velazulbacalar.com\/wp-content\/uploads\/2024\/01\/Imagen-de-WhatsApp-2024-01-21-a-las-11.10.24_39589175-169x300.jpg 169w, https:\/\/velazulbacalar.com\/wp-content\/uploads\/2024\/01\/Imagen-de-WhatsApp-2024-01-21-a-las-11.10.24_39589175-7x12.jpg 7w, https:\/\/velazulbacalar.com\/wp-content\/uploads\/2024\/01\/Imagen-de-WhatsApp-2024-01-21-a-las-11.10.24_39589175.jpg 720w\" sizes=\"(max-width: 576px) 100vw, 576px\" \/>\n            <\/div>\n        <\/div><div class=\"eael-entry-wrapper\"><header class=\"eael-entry-header\"><h2 class=\"eael-entry-title\"><a\n                        class=\"eael-grid-post-link\"\n                        href=\"https:\/\/velazulbacalar.com\/en\/catamaran-experience\/\"\n                        title=\"Catamaran Stiletto\">Catamaran Stiletto<\/a><\/h2><\/header><div class=\"eael-entry-content\">\n                        <div class=\"eael-grid-post-excerpt\"><p>Ocelot Catamaran Experience Conoce m\u00e1s 20% OFF Ocelot experience\u200b 10...<\/p><a\n                            href=\"https:\/\/velazulbacalar.com\/en\/catamaran-experience\/\"\n                            class=\"eael-post-elements-readmore-btn\">Leer m\u00e1s<\/a><\/div>\n                    <\/div><\/div><\/div>\n        <\/div>\n    <\/article><article class=\"eael-grid-post eael-post-grid-column\" data-id=\"2726\">\n        <div class=\"eael-grid-post-holder\">\n            <div class=\"eael-grid-post-holder-inner\"><div class=\"eael-entry-media\"><div class=\"eael-entry-overlay fade-in\"><i class=\"fas fa-long-arrow-alt-right\" aria-hidden=\"true\"><\/i><a href=\"https:\/\/velazulbacalar.com\/en\/calakmul\/\"><\/a><\/div><div class=\"eael-entry-thumbnail eael-image-ratio\">\n                <img decoding=\"async\" width=\"683\" height=\"1024\" src=\"https:\/\/velazulbacalar.com\/wp-content\/uploads\/2023\/12\/malek-bee-CgVNUNtEWoo-unsplash-683x1024.jpg\" class=\"attachment-large size-large wp-image-2732\" alt=\"\" srcset=\"https:\/\/velazulbacalar.com\/wp-content\/uploads\/2023\/12\/malek-bee-CgVNUNtEWoo-unsplash-683x1024.jpg 683w, https:\/\/velazulbacalar.com\/wp-content\/uploads\/2023\/12\/malek-bee-CgVNUNtEWoo-unsplash-200x300.jpg 200w, https:\/\/velazulbacalar.com\/wp-content\/uploads\/2023\/12\/malek-bee-CgVNUNtEWoo-unsplash-768x1152.jpg 768w, https:\/\/velazulbacalar.com\/wp-content\/uploads\/2023\/12\/malek-bee-CgVNUNtEWoo-unsplash-1024x1536.jpg 1024w, https:\/\/velazulbacalar.com\/wp-content\/uploads\/2023\/12\/malek-bee-CgVNUNtEWoo-unsplash-1365x2048.jpg 1365w, https:\/\/velazulbacalar.com\/wp-content\/uploads\/2023\/12\/malek-bee-CgVNUNtEWoo-unsplash-8x12.jpg 8w, https:\/\/velazulbacalar.com\/wp-content\/uploads\/2023\/12\/malek-bee-CgVNUNtEWoo-unsplash-scaled.jpg 1707w\" sizes=\"(max-width: 683px) 100vw, 683px\" \/>\n            <\/div>\n        <\/div><div class=\"eael-entry-wrapper\"><header class=\"eael-entry-header\"><h2 class=\"eael-entry-title\"><a\n                        class=\"eael-grid-post-link\"\n                        href=\"https:\/\/velazulbacalar.com\/en\/calakmul\/\"\n                        title=\"Calakmul\">Calakmul<\/a><\/h2><\/header><div class=\"eael-entry-content\">\n                        <div class=\"eael-grid-post-excerpt\"><p>Calakmul Donde los Susurros de la Selva Revelan los Secretos...<\/p><a\n                            href=\"https:\/\/velazulbacalar.com\/en\/calakmul\/\"\n                            class=\"eael-post-elements-readmore-btn\">Leer m\u00e1s<\/a><\/div>\n                    <\/div><\/div><\/div>\n        <\/div>\n    <\/article><article class=\"eael-grid-post eael-post-grid-column\" data-id=\"1116\">\n        <div class=\"eael-grid-post-holder\">\n            <div class=\"eael-grid-post-holder-inner\"><div class=\"eael-entry-media\"><div class=\"eael-entry-overlay fade-in\"><i class=\"fas fa-long-arrow-alt-right\" aria-hidden=\"true\"><\/i><a href=\"https:\/\/velazulbacalar.com\/en\/ruinas\/\"><\/a><\/div><div class=\"eael-entry-thumbnail eael-image-ratio\">\n                <img decoding=\"async\" width=\"800\" height=\"535\" src=\"https:\/\/velazulbacalar.com\/wp-content\/uploads\/2023\/08\/marv-watson-UfK0P6WygEE-unsplash-1024x685.jpg\" class=\"attachment-large size-large wp-image-1118\" alt=\"\" srcset=\"https:\/\/velazulbacalar.com\/wp-content\/uploads\/2023\/08\/marv-watson-UfK0P6WygEE-unsplash-1024x685.jpg 1024w, https:\/\/velazulbacalar.com\/wp-content\/uploads\/2023\/08\/marv-watson-UfK0P6WygEE-unsplash-300x201.jpg 300w, https:\/\/velazulbacalar.com\/wp-content\/uploads\/2023\/08\/marv-watson-UfK0P6WygEE-unsplash-768x514.jpg 768w, https:\/\/velazulbacalar.com\/wp-content\/uploads\/2023\/08\/marv-watson-UfK0P6WygEE-unsplash-1536x1028.jpg 1536w, https:\/\/velazulbacalar.com\/wp-content\/uploads\/2023\/08\/marv-watson-UfK0P6WygEE-unsplash-2048x1371.jpg 2048w\" sizes=\"(max-width: 800px) 100vw, 800px\" \/>\n            <\/div>\n        <\/div><div class=\"eael-entry-wrapper\"><header class=\"eael-entry-header\"><h2 class=\"eael-entry-title\"><a\n                        class=\"eael-grid-post-link\"\n                        href=\"https:\/\/velazulbacalar.com\/en\/ruinas\/\"\n                        title=\"Las Joyas Arqueol\u00f3gicas Cercanas a Bacalar\">Las Joyas Arqueol\u00f3gicas Cercanas a Bacalar<\/a><\/h2><\/header><div class=\"eael-entry-content\">\n                        <div class=\"eael-grid-post-excerpt\"><p>La m\u00e1gica regi\u00f3n de Bacalar, M\u00e9xico, no solo se destaca...<\/p><a\n                            href=\"https:\/\/velazulbacalar.com\/en\/ruinas\/\"\n                            class=\"eael-post-elements-readmore-btn\">Leer m\u00e1s<\/a><\/div>\n                    <\/div><\/div><\/div>\n        <\/div>\n    <\/article><article class=\"eael-grid-post eael-post-grid-column\" data-id=\"1104\">\n        <div class=\"eael-grid-post-holder\">\n            <div class=\"eael-grid-post-holder-inner\"><div class=\"eael-entry-media\"><div class=\"eael-entry-overlay fade-in\"><i class=\"fas fa-long-arrow-alt-right\" aria-hidden=\"true\"><\/i><a href=\"https:\/\/velazulbacalar.com\/en\/estromatolitos\/\"><\/a><\/div><div class=\"eael-entry-thumbnail eael-image-ratio\">\n                <img loading=\"lazy\" decoding=\"async\" width=\"800\" height=\"640\" src=\"https:\/\/velazulbacalar.com\/wp-content\/uploads\/2023\/08\/61ac84da7afd4503d188192d6362705a43bd75e42ef48ee283464b6d70075042-1024x819.jpeg\" class=\"attachment-large size-large wp-image-1106\" alt=\"\" srcset=\"https:\/\/velazulbacalar.com\/wp-content\/uploads\/2023\/08\/61ac84da7afd4503d188192d6362705a43bd75e42ef48ee283464b6d70075042-1024x819.jpeg 1024w, https:\/\/velazulbacalar.com\/wp-content\/uploads\/2023\/08\/61ac84da7afd4503d188192d6362705a43bd75e42ef48ee283464b6d70075042-300x240.jpeg 300w, https:\/\/velazulbacalar.com\/wp-content\/uploads\/2023\/08\/61ac84da7afd4503d188192d6362705a43bd75e42ef48ee283464b6d70075042-768x614.jpeg 768w, https:\/\/velazulbacalar.com\/wp-content\/uploads\/2023\/08\/61ac84da7afd4503d188192d6362705a43bd75e42ef48ee283464b6d70075042.jpeg 1350w\" sizes=\"(max-width: 800px) 100vw, 800px\" \/>\n            <\/div>\n        <\/div><div class=\"eael-entry-wrapper\"><header class=\"eael-entry-header\"><h2 class=\"eael-entry-title\"><a\n                        class=\"eael-grid-post-link\"\n                        href=\"https:\/\/velazulbacalar.com\/en\/estromatolitos\/\"\n                        title=\"Los estromatolitos en la laguna de Bacalar\">Los estromatolitos en la laguna de Bacalar<\/a><\/h2><\/header><div class=\"eael-entry-content\">\n                        <div class=\"eael-grid-post-excerpt\"><p>En la tranquila laguna de Bacalar, donde el agua es...<\/p><a\n                            href=\"https:\/\/velazulbacalar.com\/en\/estromatolitos\/\"\n                            class=\"eael-post-elements-readmore-btn\">Leer m\u00e1s<\/a><\/div>\n                    <\/div><\/div><\/div>\n        <\/div>\n    <\/article><\/div>\n            <div class=\"clearfix\"><\/div>\n        <\/div>            <div class=\"eael-load-more-button-wrap eael-force-hide\">\n                <button class=\"eael-load-more-button\" id=\"eael-load-more-btn-0f110f3\" data-widget-id=\"0f110f3\" data-widget=\"0f110f3\" data-page-id=\"17\" data-template=\"{&quot;dir&quot;:&quot;lite&quot;,&quot;file_name&quot;:&quot;default.php&quot;,&quot;name&quot;:&quot;Post-Grid&quot;}\" data-class=\"Essential_Addons_Elementor\\Elements\\Post_Grid\" data-layout=\"masonry\" data-page=\"1\" data-args=\"orderby=date&amp;order=desc&amp;ignore_sticky_posts=1&amp;post_status=publish&amp;posts_per_page=4&amp;offset=0&amp;post_type=post&amp;post__not_in%5B0%5D=1285&amp;post__not_in%5B1%5D=2228&amp;post__not_in%5B2%5D=1213&amp;post__not_in%5B3%5D=954&amp;post__not_in%5B4%5D=895&amp;post__not_in%5B5%5D=1\" data-max-page=\"2\">\n                    <span class=\"eael-btn-loader button__loader\"><\/span>\n                    <span class=\"eael_load_more_text\">Cargar m\u00e1s<\/span>\n                <\/button>\n            <\/div>\n            \t\t<\/div>\n\t\t\t\t<\/div>\n\t\t\t\t<div class=\"elementor-element elementor-element-2d6da5b elementor-widget elementor-widget-heading\" data-id=\"2d6da5b\" data-element_type=\"widget\" data-widget_type=\"heading.default\">\n\t\t\t\t<div class=\"elementor-widget-container\">\n\t\t\t<h2 class=\"elementor-heading-title elementor-size-default\">Our Passion for Bacalar<\/h2>\t\t<\/div>\n\t\t\t\t<\/div>\n\t\t\t\t<div class=\"elementor-element elementor-element-340f614 elementor-widget elementor-widget-text-editor\" data-id=\"340f614\" data-element_type=\"widget\" data-widget_type=\"text-editor.default\">\n\t\t\t\t<div class=\"elementor-widget-container\">\n\t\t\t\t\t\t\t<p>We are a group of travel lovers, passionate about discovering and sharing the hidden gems that the world has to offer. Bacalar has captured our heart with its turquoise lagoon, its archaeological secrets and its authentic spirit. Through this blog, we will take you beyond the postcards and show you the stories and places that make Bacalar such a special destination.<\/p>\t\t\t\t\t\t<\/div>\n\t\t\t\t<\/div>\n\t\t\t\t<div class=\"elementor-element elementor-element-6b4fb6a elementor-align-center elementor-mobile-align-center elementor-widget elementor-widget-button\" data-id=\"6b4fb6a\" data-element_type=\"widget\" data-widget_type=\"button.default\">\n\t\t\t\t<div class=\"elementor-widget-container\">\n\t\t\t\t\t<div class=\"elementor-button-wrapper\">\n\t\t\t<a class=\"elementor-button elementor-button-link elementor-size-sm\" href=\"https:\/\/wa.me\/529831640164\">\n\t\t\t\t\t\t<span class=\"elementor-button-content-wrapper\">\n\t\t\t\t\t\t<span class=\"elementor-button-text\">Chatea con nosotros<\/span>\n\t\t<\/span>\n\t\t\t\t\t<\/a>\n\t\t<\/div>\n\t\t\t\t<\/div>\n\t\t\t\t<\/div>\n\t\t\t\t\t<\/div>\n\t\t<\/div>\n\t\t\t\t\t<\/div>\n\t\t<\/section>\n\t\t\t\t<\/div>","protected":false},"excerpt":{"rendered":"<p>Bienvenidos al Blog de Velazul Explora la Magia de M\u00e9xico Blog Ruinas Estromatolitos Temazcal Ruinas Ruinas Las Joyas Arqueol\u00f3gicas Cercanas a Bacalar La m\u00e1gica regi\u00f3n&#8230; Leer m\u00e1s Estromatolitos Estromatolitos Explorando los Misterios de Bacalar El destino de ensue\u00f1o&#8230; Leer m\u00e1s Temazcal Temazcal Renueva tu espiritu con el poder curativo del temazcal&#8230; Leer m\u00e1s Nuestra Pasi\u00f3n [&hellip;]<\/p>","protected":false},"author":8,"featured_media":0,"parent":0,"menu_order":0,"comment_status":"closed","ping_status":"closed","template":"elementor_header_footer","meta":{"_monsterinsights_skip_tracking":false,"_monsterinsights_sitenote_active":false,"_monsterinsights_sitenote_note":"","_monsterinsights_sitenote_category":0,"_joinchat":[],"footnotes":""},"class_list":["post-17","page","type-page","status-publish","hentry"],"_links":{"self":[{"href":"https:\/\/velazulbacalar.com\/en\/wp-json\/wp\/v2\/pages\/17","targetHints":{"allow":["GET"]}}],"collection":[{"href":"https:\/\/velazulbacalar.com\/en\/wp-json\/wp\/v2\/pages"}],"about":[{"href":"https:\/\/velazulbacalar.com\/en\/wp-json\/wp\/v2\/types\/page"}],"author":[{"embeddable":true,"href":"https:\/\/velazulbacalar.com\/en\/wp-json\/wp\/v2\/users\/8"}],"replies":[{"embeddable":true,"href":"https:\/\/velazulbacalar.com\/en\/wp-json\/wp\/v2\/comments?post=17"}],"version-history":[{"count":48,"href":"https:\/\/velazulbacalar.com\/en\/wp-json\/wp\/v2\/pages\/17\/revisions"}],"predecessor-version":[{"id":2542,"href":"https:\/\/velazulbacalar.com\/en\/wp-json\/wp\/v2\/pages\/17\/revisions\/2542"}],"wp:attachment":[{"href":"https:\/\/velazulbacalar.com\/en\/wp-json\/wp\/v2\/media?parent=17"}],"curies":[{"name":"wp","href":"https:\/\/api.w.org\/{rel}","templated":true}]}}