{"id":3,"date":"2023-07-08T18:51:55","date_gmt":"2023-07-08T18:51:55","guid":{"rendered":"http:\/\/velazulbacalar.com\/?page_id=3"},"modified":"2024-01-15T13:21:14","modified_gmt":"2024-01-15T13:21:14","slug":"politica-privacidad","status":"publish","type":"page","link":"https:\/\/velazulbacalar.com\/en\/politica-privacidad\/","title":{"rendered":"Pol\u00edtica de privacidad"},"content":{"rendered":"<div data-elementor-type=\"wp-page\" data-elementor-id=\"3\" class=\"elementor elementor-3\" data-elementor-post-type=\"page\">\n\t\t\t\t\t\t<section class=\"elementor-section elementor-top-section elementor-element elementor-element-e754835 elementor-section-boxed elementor-section-height-default elementor-section-height-default wpr-particle-no wpr-jarallax-no wpr-parallax-no wpr-sticky-section-no\" data-id=\"e754835\" data-element_type=\"section\">\n\t\t\t\t\t\t<div class=\"elementor-container elementor-column-gap-default\">\n\t\t\t\t\t<div class=\"elementor-column elementor-col-100 elementor-top-column elementor-element elementor-element-3a052643\" data-id=\"3a052643\" data-element_type=\"column\">\n\t\t\t<div class=\"elementor-widget-wrap elementor-element-populated\">\n\t\t\t\t\t\t<div class=\"elementor-element elementor-element-7fcc66e elementor-widget elementor-widget-heading\" data-id=\"7fcc66e\" data-element_type=\"widget\" data-widget_type=\"heading.default\">\n\t\t\t\t<div class=\"elementor-widget-container\">\n\t\t\t<style>\/*! elementor - v3.20.0 - 11-03-2024 *\/\n.elementor-heading-title{padding:0;margin:0;line-height:1}.elementor-widget-heading .elementor-heading-title[class*=elementor-size-]>a{color:inherit;font-size:inherit;line-height:inherit}.elementor-widget-heading .elementor-heading-title.elementor-size-small{font-size:15px}.elementor-widget-heading .elementor-heading-title.elementor-size-medium{font-size:19px}.elementor-widget-heading .elementor-heading-title.elementor-size-large{font-size:29px}.elementor-widget-heading .elementor-heading-title.elementor-size-xl{font-size:39px}.elementor-widget-heading .elementor-heading-title.elementor-size-xxl{font-size:59px}<\/style><h2 class=\"elementor-heading-title elementor-size-default\">Pol\u00edtica de privacidad<\/h2>\t\t<\/div>\n\t\t\t\t<\/div>\n\t\t\t\t<div class=\"elementor-element elementor-element-fc2ce6c elementor-widget elementor-widget-heading\" data-id=\"fc2ce6c\" data-element_type=\"widget\" data-widget_type=\"heading.default\">\n\t\t\t\t<div class=\"elementor-widget-container\">\n\t\t\t<h2 class=\"elementor-heading-title elementor-size-default\">Fecha de entrada en vigencia: Enero, 2024.<\/h2>\t\t<\/div>\n\t\t\t\t<\/div>\n\t\t\t\t<div class=\"elementor-element elementor-element-11fd7428 elementor-widget elementor-widget-text-editor\" data-id=\"11fd7428\" data-element_type=\"widget\" data-widget_type=\"text-editor.default\">\n\t\t\t\t<div class=\"elementor-widget-container\">\n\t\t\t<style>\/*! elementor - v3.20.0 - 11-03-2024 *\/\n.elementor-widget-text-editor.elementor-drop-cap-view-stacked .elementor-drop-cap{background-color:#69727d;color:#fff}.elementor-widget-text-editor.elementor-drop-cap-view-framed .elementor-drop-cap{color:#69727d;border:3px solid;background-color:transparent}.elementor-widget-text-editor:not(.elementor-drop-cap-view-default) .elementor-drop-cap{margin-top:8px}.elementor-widget-text-editor:not(.elementor-drop-cap-view-default) .elementor-drop-cap-letter{width:1em;height:1em}.elementor-widget-text-editor .elementor-drop-cap{float:left;text-align:center;line-height:1;font-size:50px}.elementor-widget-text-editor .elementor-drop-cap-letter{display:inline-block}<\/style>\t\t\t\t<!-- wp:heading -->\n<p><!-- wp:heading --><\/p>\n<ol>\n<li style=\"list-style-type: none;\">\n<ol>\n<li>\n<p><strong>Informaci\u00f3n recopilada:<\/strong><\/p>\n<ul>\n<li><strong><em>Datos personales:<\/em><\/strong> Recopilamos informaci\u00f3n personal, como nombre, direcci\u00f3n de correo electr\u00f3nico y detalles de contacto, para procesar reservas y proporcionar servicios personalizados.<\/li>\n<\/ul>\n<\/li>\n<\/ol>\n<\/li>\n<\/ol>\n<p>\u00a0<\/p>\n<ol>\n<li style=\"list-style-type: none;\">\n<ol>\n<li>\n<p><strong>Uso de la informaci\u00f3n:<\/strong><\/p>\n<ul>\n<li><strong><em>Procesamiento de reservas:<\/em><\/strong> Utilizamos la informaci\u00f3n recopilada para gestionar y procesar las reservas de tours en velero.<\/li>\n<li><strong><em>Comunicaci\u00f3n:<\/em> <\/strong>Podemos utilizar la informaci\u00f3n de contacto para enviar confirmaciones de reserva, recordatorios y cualquier comunicaci\u00f3n relacionada con el tour.<\/li>\n<\/ul>\n<\/li>\n<\/ol>\n<\/li>\n<\/ol>\n<p>\u00a0<\/p>\n<ol>\n<li style=\"list-style-type: none;\">\n<ol>\n<li>\n<p><strong>Procesador de pagos:<\/strong><\/p>\n<ul>\n<li><strong><em>Stripe:<\/em><\/strong> Nuestra plataforma utiliza Stripe como procesador de pagos seguro. La informaci\u00f3n financiera se transmite de forma cifrada a trav\u00e9s de la tecnolog\u00eda SSL, garantizando un entorno seguro para las transacciones.<\/li>\n<\/ul>\n<\/li>\n<\/ol>\n<\/li>\n<\/ol>\n<p>\u00a0<\/p>\n<ol>\n<li style=\"list-style-type: none;\">\n<ol>\n<li>\n<p><strong>Seguridad de la informaci\u00f3n:<\/strong><\/p>\n<ul>\n<li><strong><em>Cifrado:<\/em><\/strong> Toda la informaci\u00f3n transmitida a trav\u00e9s de nuestro sitio web, incluidos los datos de pago, se cifra mediante la tecnolog\u00eda SSL para garantizar la seguridad de la informaci\u00f3n.<\/li>\n<li><strong><em>Protecci\u00f3n de datos:<\/em><\/strong> Implementamos medidas de seguridad para proteger contra el acceso no autorizado, la divulgaci\u00f3n o la modificaci\u00f3n de la informaci\u00f3n recopilada.<\/li>\n<\/ul>\n<\/li>\n<\/ol>\n<\/li>\n<\/ol>\n<p>\u00a0<\/p>\n<ol>\n<li style=\"list-style-type: none;\">\n<ol>\n<li>\n<p><strong>Almacenamiento de datos:<\/strong><\/p>\n<ul>\n<li><strong><em>Per\u00edodo de retenci\u00f3n:<\/em><\/strong> Mantenemos los datos del cliente durante el tiempo necesario para cumplir con nuestras obligaciones contractuales y legales. Despu\u00e9s de este per\u00edodo, la informaci\u00f3n se elimina de manera segura.<\/li>\n<\/ul>\n<\/li>\n<\/ol>\n<\/li>\n<\/ol>\n<p>\u00a0<\/p>\n<ol>\n<li style=\"list-style-type: none;\">\n<ol>\n<li>\n<p><strong>Cookies y tecnolog\u00edas similares:<\/strong><\/p>\n<ul>\n<li><strong><em>Uso de cookies:<\/em><\/strong> Utilizamos cookies para mejorar la experiencia del usuario y recopilar informaci\u00f3n sobre la navegaci\u00f3n en nuestro sitio web. Los usuarios pueden gestionar sus preferencias de cookies a trav\u00e9s de la configuraci\u00f3n del navegador.<\/li>\n<\/ul>\n<\/li>\n<\/ol>\n<\/li>\n<\/ol>\n<p>\u00a0<\/p>\n<ol>\n<li style=\"list-style-type: none;\">\n<ol>\n<li>\n<p><strong>Divulgaci\u00f3n a terceros:<\/strong><\/p>\n<ul>\n<li><strong><em>Proveedores de servicios:<\/em><\/strong> En algunos casos, podemos compartir informaci\u00f3n con terceros proveedores de servicios necesarios para la operaci\u00f3n de nuestros tours, pero solo lo hacemos con aquellos que cumplen con est\u00e1ndares de privacidad rigurosos.<\/li>\n<\/ul>\n<\/li>\n<\/ol>\n<\/li>\n<\/ol>\n<p>\u00a0<\/p>\n<ol>\n<li style=\"list-style-type: none;\">\n<ol>\n<li>\n<p><strong>Derechos del usuario:<\/strong><\/p>\n<ul>\n<li><strong><em>Acceso y correcci\u00f3n:<\/em><\/strong> Los usuarios tienen derecho a acceder y corregir su informaci\u00f3n personal almacenada en nuestro sistema. Pueden hacerlo contact\u00e1ndonos a trav\u00e9s de los medios proporcionados en el sitio web.<\/li>\n<\/ul>\n<\/li>\n<\/ol>\n<\/li>\n<\/ol>\n<p>\u00a0<\/p>\n<ol>\n<li style=\"list-style-type: none;\">\n<ol>\n<li>\n<p><strong>Cambios en la pol\u00edtica de privacidad:<\/strong><\/p>\n<ul>\n<li><strong><em>Notificaci\u00f3n de cambios:<\/em><\/strong> En caso de realizar cambios en nuestra pol\u00edtica de privacidad, notificaremos a los usuarios a trav\u00e9s de nuestro sitio web o por correo electr\u00f3nico.<\/li>\n<\/ul>\n<\/li>\n<\/ol>\n<\/li>\n<\/ol>\n<p>\u00a0<\/p>\n<ol>\n<li>\n<p><strong>Contacto:<\/strong><\/p>\n<ul>\n<li><em><strong>Informaci\u00f3n de contacto:<\/strong><\/em> Para cualquier pregunta o inquietud relacionada con la privacidad, los usuarios pueden ponerse en contacto con nosotros a trav\u00e9s de la informaci\u00f3n proporcionada en el sitio web.<\/li>\n<\/ul>\n<\/li>\n<\/ol>\n<p><!-- \/wp:paragraph --><\/p>\n<!-- \/wp:paragraph -->\t\t\t\t\t\t<\/div>\n\t\t\t\t<\/div>\n\t\t\t\t\t<\/div>\n\t\t<\/div>\n\t\t\t\t\t<\/div>\n\t\t<\/section>\n\t\t\t\t<\/div>","protected":false},"excerpt":{"rendered":"<p>Pol\u00edtica de privacidad Fecha de entrada en vigencia: Enero, 2024. Informaci\u00f3n recopilada: Datos personales: Recopilamos informaci\u00f3n personal, como nombre, direcci\u00f3n de correo electr\u00f3nico y detalles de contacto, para procesar reservas y proporcionar servicios personalizados. \u00a0 Uso de la informaci\u00f3n: Procesamiento de reservas: Utilizamos la informaci\u00f3n recopilada para gestionar y procesar las reservas de tours en [&hellip;]<\/p>","protected":false},"author":8,"featured_media":0,"parent":0,"menu_order":0,"comment_status":"closed","ping_status":"open","template":"","meta":{"_monsterinsights_skip_tracking":false,"_monsterinsights_sitenote_active":false,"_monsterinsights_sitenote_note":"","_monsterinsights_sitenote_category":0,"_joinchat":[],"footnotes":""},"class_list":["post-3","page","type-page","status-publish","hentry"],"_links":{"self":[{"href":"https:\/\/velazulbacalar.com\/en\/wp-json\/wp\/v2\/pages\/3","targetHints":{"allow":["GET"]}}],"collection":[{"href":"https:\/\/velazulbacalar.com\/en\/wp-json\/wp\/v2\/pages"}],"about":[{"href":"https:\/\/velazulbacalar.com\/en\/wp-json\/wp\/v2\/types\/page"}],"author":[{"embeddable":true,"href":"https:\/\/velazulbacalar.com\/en\/wp-json\/wp\/v2\/users\/8"}],"replies":[{"embeddable":true,"href":"https:\/\/velazulbacalar.com\/en\/wp-json\/wp\/v2\/comments?post=3"}],"version-history":[{"count":30,"href":"https:\/\/velazulbacalar.com\/en\/wp-json\/wp\/v2\/pages\/3\/revisions"}],"predecessor-version":[{"id":3177,"href":"https:\/\/velazulbacalar.com\/en\/wp-json\/wp\/v2\/pages\/3\/revisions\/3177"}],"wp:attachment":[{"href":"https:\/\/velazulbacalar.com\/en\/wp-json\/wp\/v2\/media?parent=3"}],"curies":[{"name":"wp","href":"https:\/\/api.w.org\/{rel}","templated":true}]}}