{"id":3160,"date":"2024-01-15T13:00:48","date_gmt":"2024-01-15T13:00:48","guid":{"rendered":"https:\/\/velazulbacalar.com\/?page_id=3160"},"modified":"2024-01-15T13:10:11","modified_gmt":"2024-01-15T13:10:11","slug":"terminos-y-condiciones","status":"publish","type":"page","link":"https:\/\/velazulbacalar.com\/en\/terminos-y-condiciones\/","title":{"rendered":"Terminos y condiciones"},"content":{"rendered":"<div data-elementor-type=\"wp-page\" data-elementor-id=\"3160\" class=\"elementor elementor-3160\" data-elementor-post-type=\"page\">\n\t\t\t\t\t\t<section class=\"elementor-section elementor-top-section elementor-element elementor-element-e754835 elementor-section-boxed elementor-section-height-default elementor-section-height-default wpr-particle-no wpr-jarallax-no wpr-parallax-no wpr-sticky-section-no\" data-id=\"e754835\" data-element_type=\"section\">\n\t\t\t\t\t\t<div class=\"elementor-container elementor-column-gap-default\">\n\t\t\t\t\t<div class=\"elementor-column elementor-col-100 elementor-top-column elementor-element elementor-element-3a052643\" data-id=\"3a052643\" data-element_type=\"column\">\n\t\t\t<div class=\"elementor-widget-wrap elementor-element-populated\">\n\t\t\t\t\t\t<div class=\"elementor-element elementor-element-7fcc66e elementor-widget elementor-widget-heading\" data-id=\"7fcc66e\" data-element_type=\"widget\" data-widget_type=\"heading.default\">\n\t\t\t\t<div class=\"elementor-widget-container\">\n\t\t\t<style>\/*! elementor - v3.20.0 - 11-03-2024 *\/\n.elementor-heading-title{padding:0;margin:0;line-height:1}.elementor-widget-heading .elementor-heading-title[class*=elementor-size-]>a{color:inherit;font-size:inherit;line-height:inherit}.elementor-widget-heading .elementor-heading-title.elementor-size-small{font-size:15px}.elementor-widget-heading .elementor-heading-title.elementor-size-medium{font-size:19px}.elementor-widget-heading .elementor-heading-title.elementor-size-large{font-size:29px}.elementor-widget-heading .elementor-heading-title.elementor-size-xl{font-size:39px}.elementor-widget-heading .elementor-heading-title.elementor-size-xxl{font-size:59px}<\/style><h2 class=\"elementor-heading-title elementor-size-default\">T\u00e9rminos y Condiciones de Uso<\/h2>\t\t<\/div>\n\t\t\t\t<\/div>\n\t\t\t\t<div class=\"elementor-element elementor-element-fc2ce6c elementor-widget elementor-widget-heading\" data-id=\"fc2ce6c\" data-element_type=\"widget\" data-widget_type=\"heading.default\">\n\t\t\t\t<div class=\"elementor-widget-container\">\n\t\t\t<h2 class=\"elementor-heading-title elementor-size-default\">Fecha de entrada en vigencia: Enero, 2024.<\/h2>\t\t<\/div>\n\t\t\t\t<\/div>\n\t\t\t\t<div class=\"elementor-element elementor-element-11fd7428 elementor-widget elementor-widget-text-editor\" data-id=\"11fd7428\" data-element_type=\"widget\" data-widget_type=\"text-editor.default\">\n\t\t\t\t<div class=\"elementor-widget-container\">\n\t\t\t<style>\/*! elementor - v3.20.0 - 11-03-2024 *\/\n.elementor-widget-text-editor.elementor-drop-cap-view-stacked .elementor-drop-cap{background-color:#69727d;color:#fff}.elementor-widget-text-editor.elementor-drop-cap-view-framed .elementor-drop-cap{color:#69727d;border:3px solid;background-color:transparent}.elementor-widget-text-editor:not(.elementor-drop-cap-view-default) .elementor-drop-cap{margin-top:8px}.elementor-widget-text-editor:not(.elementor-drop-cap-view-default) .elementor-drop-cap-letter{width:1em;height:1em}.elementor-widget-text-editor .elementor-drop-cap{float:left;text-align:center;line-height:1;font-size:50px}.elementor-widget-text-editor .elementor-drop-cap-letter{display:inline-block}<\/style>\t\t\t\t<!-- wp:heading -->\n<p><!-- wp:heading --><\/p>\n<p><strong>Bienvenido\/a a Velazul.<\/strong><\/p>\n<p>Al acceder y utilizar nuestro sitio web, aceptas cumplir con los siguientes t\u00e9rminos y condiciones de uso. Si no est\u00e1s de acuerdo con alguno de estos t\u00e9rminos, te recomendamos que no utilices nuestro sitio web.<\/p>\n<ol>\n<li>\n<p><strong>Uso del Sitio Web:<\/strong><\/p>\n<ul>\n<li>Est\u00e1s autorizado\/a a utilizar nuestro sitio web con fines de compra de experiencias en velero de acuerdo con estos t\u00e9rminos y condiciones.<\/li>\n<li>No debes utilizar nuestro sitio web con fines ilegales o no autorizados.<\/li>\n<\/ul>\n<\/li>\n<li>\n<p><strong>Registro:<\/strong><\/p>\n<ul>\n<li>Para realizar una compra, proporciona informaci\u00f3n precisa y completa durante el proceso de checkout.<\/li>\n<li>Eres responsable de mantener la confidencialidad de tus datos.<\/li>\n<\/ul>\n<\/li>\n<li>\n<p><strong>Compra de Experiencias en Velero:<\/strong><\/p>\n<ul>\n<li>Al realizar una compra, aceptas pagar el precio indicado por el servicio.<\/li>\n<li>Nos reservamos el derecho de rechazar o cancelar pedidos en cualquier momento por razones leg\u00edtimas.<\/li>\n<\/ul>\n<\/li>\n<li>\n<p><strong>Cancelaciones y Reembolsos:<\/strong><\/p>\n<ul>\n<li>Las pol\u00edticas de cancelaci\u00f3n y reembolso se detallan en la secci\u00f3n correspondiente de nuestro sitio web.<\/li>\n<li>Nos reservamos el derecho de modificar estas pol\u00edticas en cualquier momento.<\/li>\n<\/ul>\n<\/li>\n<li>\n<p><strong>Propiedad Intelectual:<\/strong><\/p>\n<ul>\n<li>Todo el contenido presente en nuestro sitio web, incluidos textos, gr\u00e1ficos, logotipos, im\u00e1genes y software, est\u00e1 protegido por derechos de autor y otras leyes de propiedad intelectual.<\/li>\n<\/ul>\n<\/li>\n<li>\n<p><strong>Privacidad:<\/strong><\/p>\n<ul>\n<li>El uso de la informaci\u00f3n personal se rige por nuestra Pol\u00edtica de Privacidad, que puedes revisar en el sitio web.<\/li>\n<\/ul>\n<\/li>\n<li>\n<p><strong>Limitaci\u00f3n de Responsabilidad:<\/strong><\/p>\n<ul>\n<li>Velazul no ser\u00e1 responsable de ning\u00fan da\u00f1o directo, indirecto, incidental, especial o consecuente que resulte del uso o la imposibilidad de utilizar nuestro sitio web.<\/li>\n<\/ul>\n<\/li>\n<li>\n<p><strong>Modificaciones:<\/strong><\/p>\n<ul>\n<li>Nos reservamos el derecho de modificar estos t\u00e9rminos y condiciones en cualquier momento. Las modificaciones entrar\u00e1n en vigencia inmediatamente despu\u00e9s de su publicaci\u00f3n en el sitio web.<\/li>\n<\/ul>\n<\/li>\n<li>\n<p><strong>Ley Aplicable:<\/strong><\/p>\n<ul>\n<li>Estos t\u00e9rminos y condiciones se rigen por las leyes de M\u00e9xico y cualquier disputa se someter\u00e1 a la jurisdicci\u00f3n exclusiva de los tribunales.<\/li>\n<\/ul>\n<\/li>\n<\/ol>\n<p>Al utilizar nuestro sitio web, confirmas que has le\u00eddo, entendido y aceptado estos t\u00e9rminos y condiciones. Si tienes alguna pregunta, no dudes en contactarnos a trav\u00e9s de velazulbacalar@gmail.com<\/p>\n<p>Gracias por elegir Velazul. \u00a1Disfruta de tu experiencia en velero!<\/p>\n<p><!-- \/wp:paragraph --><\/p>\n<!-- \/wp:paragraph -->\t\t\t\t\t\t<\/div>\n\t\t\t\t<\/div>\n\t\t\t\t\t<\/div>\n\t\t<\/div>\n\t\t\t\t\t<\/div>\n\t\t<\/section>\n\t\t\t\t<\/div>","protected":false},"excerpt":{"rendered":"<p>T\u00e9rminos y Condiciones de Uso Fecha de entrada en vigencia: Enero, 2024. Bienvenido\/a a Velazul. Al acceder y utilizar nuestro sitio web, aceptas cumplir con los siguientes t\u00e9rminos y condiciones de uso. Si no est\u00e1s de acuerdo con alguno de estos t\u00e9rminos, te recomendamos que no utilices nuestro sitio web. Uso del Sitio Web: Est\u00e1s [&hellip;]<\/p>","protected":false},"author":8,"featured_media":0,"parent":0,"menu_order":0,"comment_status":"closed","ping_status":"closed","template":"","meta":{"_monsterinsights_skip_tracking":false,"_monsterinsights_sitenote_active":false,"_monsterinsights_sitenote_note":"","_monsterinsights_sitenote_category":0,"_joinchat":[],"footnotes":""},"class_list":["post-3160","page","type-page","status-publish","hentry"],"_links":{"self":[{"href":"https:\/\/velazulbacalar.com\/en\/wp-json\/wp\/v2\/pages\/3160","targetHints":{"allow":["GET"]}}],"collection":[{"href":"https:\/\/velazulbacalar.com\/en\/wp-json\/wp\/v2\/pages"}],"about":[{"href":"https:\/\/velazulbacalar.com\/en\/wp-json\/wp\/v2\/types\/page"}],"author":[{"embeddable":true,"href":"https:\/\/velazulbacalar.com\/en\/wp-json\/wp\/v2\/users\/8"}],"replies":[{"embeddable":true,"href":"https:\/\/velazulbacalar.com\/en\/wp-json\/wp\/v2\/comments?post=3160"}],"version-history":[{"count":4,"href":"https:\/\/velazulbacalar.com\/en\/wp-json\/wp\/v2\/pages\/3160\/revisions"}],"predecessor-version":[{"id":3170,"href":"https:\/\/velazulbacalar.com\/en\/wp-json\/wp\/v2\/pages\/3160\/revisions\/3170"}],"wp:attachment":[{"href":"https:\/\/velazulbacalar.com\/en\/wp-json\/wp\/v2\/media?parent=3160"}],"curies":[{"name":"wp","href":"https:\/\/api.w.org\/{rel}","templated":true}]}}